{"id":883,"date":"2018-09-01T15:30:25","date_gmt":"2018-09-01T13:30:25","guid":{"rendered":"http:\/\/www.sports-consult.at\/wp\/?page_id=883"},"modified":"2018-09-01T15:30:25","modified_gmt":"2018-09-01T13:30:25","slug":"impressum","status":"publish","type":"page","link":"http:\/\/www.sports-consult.at\/wp\/impressum\/","title":{"rendered":"Impressum"},"content":{"rendered":"<p><strong>Impressum<\/strong><\/p>\n<p><strong>Rechtliche Hinweise zur Sports Consulting KG<\/strong><\/p>\n<p><strong>Anbieter<\/strong><br \/>\nSports Consulting KG<\/p>\n<p>Teichwiese 12<\/p>\n<p>3295 Lackenhof, Austria<br \/>\nTel.: +43 660 481 38 34<br \/>\nE-Mail: <u>office@sports-consult.at<\/u><\/p>\n<p>&nbsp;<\/p>\n<p><strong>Urheberrecht<\/strong><br \/>\nCopyright 2018 Sports Consulting KG. Alle Rechte vorbehalten. Alle Texte, Bilder, Graphiken, Ton-, Video- und Animationsdateien sowie ihre Arrangements unterliegen dem Urheberrecht und anderen Gesetzen zum Schutz geistigen Eigentums. Sie d\u00fcrfen weder f\u00fcr Handelszwecke oder zur Weitergabe kopiert, noch ver\u00e4ndert und auf anderen Web-Sites verwendet werden. Einige Internet-Seiten der Sports Consulting KG enthalten auch Bilder, die dem Urheberrecht derjenigen unterliegen, die diese zur Verf\u00fcgung gestellt haben.<\/p>\n<p><strong>Gew\u00e4hrleistung<\/strong><br \/>\nDie Informationen stellt die Sports Consulting KG ohne jegliche Zusicherung oder Gew\u00e4hrleistung jedweder Art, sei sie ausdr\u00fccklich oder stillschweigend, zur Verf\u00fcgung. Ausgeschlossen sind auch alle stillschweigenden Gew\u00e4hrleistungen betreffend die Handelsf\u00e4higkeit, die Eignung f\u00fcr bestimmte Zwecke oder den Nichtversto\u00df gegen Gesetze und Patente. Auch wenn wir davon ausgehen, dass die von uns gegebenen Informationen zutreffend sind, k\u00f6nnen sie dennoch Fehler oder Ungenauigkeiten enthalten.<\/p>\n<p><strong>Lizenzrechte<\/strong><br \/>\nDie Sports Consulting KG m\u00f6chte Ihnen ein innovatives und informatives Internet-Programm anbieten. Wir hoffen deshalb, dass Sie sich \u00fcber unsere kreative Gestaltung genauso freuen wie wir. Wir bitten Sie aber dennoch um Verst\u00e4ndnis daf\u00fcr, dass die Sports Consulting KG ihr geistiges Eigentum, einschlie\u00dflich Patente, Handelsmarken und Urheberrechte, sch\u00fctzen muss und diese Internet-Seiten keinerlei Lizenzrechte an dem geistigen Eigentum der Sports Consulting KG gew\u00e4hren k\u00f6nnen.<\/p>\n<p><strong>Externe Verweise und Links<\/strong><br \/>\nMit Urteil vom 12. Mai 1998 hat das LG Hamburg entschieden, dass man durch die Ausbringung eines Links die Inhalte der gelinkten Seite ggf. mit zu verantworten hat. Dies kann, so das LG, nur dadurch verhindert werden, dass man sich ausdr\u00fccklich von diesen Inhalten distanziert. Wir haben auf unseren Seiten Links zu Seiten im Internet gelegt, deren Inhalt und Aktualisierung nicht dem Einflussbereich der Sports Consulting KG unterliegen.<\/p>\n<p>F\u00fcr alle diese Links gilt: &#8222;Die Sports Consulting KG hat keinen Einfluss auf Gestaltung und Inhalte fremder Internetseiten. Sie distanziert sich daher von allen fremden Inhalten, auch wenn von Seiten der Sports Consulting KG auf diese externe Seiten ein Link gesetzt wurde.&#8220;<\/p>\n<p>Diese Angaben gelten f\u00fcr alle auf unserer Homepage angezeigten Links und f\u00fcr alle Inhalte der Seiten, zu denen die bei uns angemeldeten Banner und Links f\u00fchren. Sie gelten au\u00dferdem f\u00fcr s\u00e4mtliche Internetauftritte der Sports Consulting KG inklusive aller Social Media Kan\u00e4le wie Facebook, Twitter, Xing, u.a.<\/p>\n","protected":false},"excerpt":{"rendered":"<p>Impressum Rechtliche Hinweise zur Sports Consulting KG Anbieter Sports Consulting KG Teichwiese 12 3295 Lackenhof, Austria Tel.: +43 660 481 38 34 E-Mail: office@sports-consult.at &nbsp; Urheberrecht Copyright 2018 Sports Consulting KG. Alle Rechte vorbehalten. Alle Texte, Bilder, Graphiken, Ton-, Video- und Animationsdateien sowie ihre Arrangements unterliegen dem Urheberrecht und anderen Gesetzen zum Schutz geistigen Eigentums. [&hellip;]<\/p>\n","protected":false},"author":1,"featured_media":0,"parent":0,"menu_order":0,"comment_status":"closed","ping_status":"closed","template":"","meta":[],"_links":{"self":[{"href":"http:\/\/www.sports-consult.at\/wp\/wp-json\/wp\/v2\/pages\/883"}],"collection":[{"href":"http:\/\/www.sports-consult.at\/wp\/wp-json\/wp\/v2\/pages"}],"about":[{"href":"http:\/\/www.sports-consult.at\/wp\/wp-json\/wp\/v2\/types\/page"}],"author":[{"embeddable":true,"href":"http:\/\/www.sports-consult.at\/wp\/wp-json\/wp\/v2\/users\/1"}],"replies":[{"embeddable":true,"href":"http:\/\/www.sports-consult.at\/wp\/wp-json\/wp\/v2\/comments?post=883"}],"version-history":[{"count":1,"href":"http:\/\/www.sports-consult.at\/wp\/wp-json\/wp\/v2\/pages\/883\/revisions"}],"predecessor-version":[{"id":884,"href":"http:\/\/www.sports-consult.at\/wp\/wp-json\/wp\/v2\/pages\/883\/revisions\/884"}],"wp:attachment":[{"href":"http:\/\/www.sports-consult.at\/wp\/wp-json\/wp\/v2\/media?parent=883"}],"curies":[{"name":"wp","href":"https:\/\/api.w.org\/{rel}","templated":true}]}}